{"id":114,"date":"2019-04-19T07:42:46","date_gmt":"2019-04-19T07:42:46","guid":{"rendered":"http:\/\/freimaurerloge-rothenburg.de\/?page_id=114"},"modified":"2023-06-28T17:46:25","modified_gmt":"2023-06-28T15:46:25","slug":"home","status":"publish","type":"page","link":"https:\/\/freimaurerloge-rothenburg.de\/","title":{"rendered":"Freimaurerloge &#8222;Zu den drei T\u00fcrmen&#8220; Rothenburg"},"content":{"rendered":"<p>&nbsp;<\/p>\n<h1>Herzlich Willkommen!<\/h1>\n<p><strong>Die Freimaurerloge &#8222;Zu den 3 T\u00fcrmen&#8220; im Orient Rothenburg stellt sich vor. <\/strong><br \/>\nWir freuen uns, dass Sie den Weg auf die Webseiten der Freimaurerloge &#8222;Zu den 3 T\u00fcrmen&#8220; gefunden haben. Wir wollen mit unseren Seiten keineswegs in Konkurrenz treten zu den vielen allgemeinen Informationen, die im Internet \u00fcber die Freimaurerei zur Verf\u00fcgung stehen. Wenn Sie sich allgemein informieren wollen, finden Sie auf unserer Linkseite entsprechende Hinweise. Hier m\u00f6chten wir Sie \u00fcber unsere Loge &#8222;Zu den 3 T\u00fcrmen&#8220; informieren. Wir sind eine sog. &#8222;Fl\u00e4chenloge&#8220;, d.h. unsere derzeit 46 Mitglieder wohnen zumeist in Mittelfranken und Hohenlohe-Franken \u2013 von Rothenburg bis Dinkelsb\u00fchl, von Creglingen bis Wassertr\u00fcdingen, von Wilhermsdorf bis Schw\u00e4bisch-Hall, aber auch in N\u00fcrnberg, W\u00fcrzburg und Stuttgart. Entsprechend treffen wir uns an wechselnden Orten in Gastst\u00e4tten zu unseren sog. Werkabenden, w\u00e4hrend die rituellen Arbeiten in Schloss Schillingsf\u00fcrst stattfinden. Unsere Loge ist international wie die Freimaurerei &#8211; unsere Br\u00fcder stammen aus Deutschland, \u00d6sterreich, Tschechien, Rum\u00e4nien, D\u00e4nemark, Frankreich und Togo. Gerne laden wir Sie bei Interesse zu unseren \u00f6ffentlichen Vortr\u00e4gen oder auch zu einem Werkabend ein. Nehmen Sie hierf\u00fcr bitte Kontakt mit uns auf.<\/p>\n<p>Frank Momber<br \/>\nMeister vom Stuhl<br \/>\n(1.Vorsitzender).<\/p>\n","protected":false},"excerpt":{"rendered":"<p>&nbsp; Herzlich Willkommen! Die Freimaurerloge &#8222;Zu den 3 T\u00fcrmen&#8220; im Orient Rothenburg stellt sich vor. Wir freuen uns, dass Sie den Weg auf die Webseiten der Freimaurerloge &#8222;Zu den 3 T\u00fcrmen&#8220; gefunden haben. Wir wollen mit unseren Seiten keineswegs in Konkurrenz treten zu den vielen allgemeinen Informationen, die im Internet \u00fcber die Freimaurerei zur Verf\u00fcgung [&hellip;]<\/p>\n","protected":false},"author":1,"featured_media":0,"parent":0,"menu_order":0,"comment_status":"closed","ping_status":"closed","template":"","meta":{"ocean_post_layout":"","ocean_both_sidebars_style":"","ocean_both_sidebars_content_width":0,"ocean_both_sidebars_sidebars_width":0,"ocean_sidebar":"sidebar","ocean_second_sidebar":"0","ocean_disable_margins":"enable","ocean_add_body_class":"","ocean_shortcode_before_top_bar":"","ocean_shortcode_after_top_bar":"","ocean_shortcode_before_header":"","ocean_shortcode_after_header":"","ocean_has_shortcode":"","ocean_shortcode_after_title":"","ocean_shortcode_before_footer_widgets":"","ocean_shortcode_after_footer_widgets":"","ocean_shortcode_before_footer_bottom":"","ocean_shortcode_after_footer_bottom":"","ocean_display_top_bar":"default","ocean_display_header":"default","ocean_header_style":"","ocean_center_header_left_menu":"0","ocean_custom_header_template":"0","ocean_custom_logo":0,"ocean_custom_retina_logo":0,"ocean_custom_logo_max_width":0,"ocean_custom_logo_tablet_max_width":0,"ocean_custom_logo_mobile_max_width":0,"ocean_custom_logo_max_height":0,"ocean_custom_logo_tablet_max_height":0,"ocean_custom_logo_mobile_max_height":0,"ocean_header_custom_menu":"0","ocean_menu_typo_font_family":"0","ocean_menu_typo_font_subset":"","ocean_menu_typo_font_size":0,"ocean_menu_typo_font_size_tablet":0,"ocean_menu_typo_font_size_mobile":0,"ocean_menu_typo_font_size_unit":"px","ocean_menu_typo_font_weight":"","ocean_menu_typo_font_weight_tablet":"","ocean_menu_typo_font_weight_mobile":"","ocean_menu_typo_transform":"","ocean_menu_typo_transform_tablet":"","ocean_menu_typo_transform_mobile":"","ocean_menu_typo_line_height":0,"ocean_menu_typo_line_height_tablet":0,"ocean_menu_typo_line_height_mobile":0,"ocean_menu_typo_line_height_unit":"","ocean_menu_typo_spacing":0,"ocean_menu_typo_spacing_tablet":0,"ocean_menu_typo_spacing_mobile":0,"ocean_menu_typo_spacing_unit":"","ocean_menu_link_color":"","ocean_menu_link_color_hover":"","ocean_menu_link_color_active":"","ocean_menu_link_background":"","ocean_menu_link_hover_background":"","ocean_menu_link_active_background":"","ocean_menu_social_links_bg":"","ocean_menu_social_hover_links_bg":"","ocean_menu_social_links_color":"","ocean_menu_social_hover_links_color":"","ocean_disable_title":"default","ocean_disable_heading":"default","ocean_post_title":"","ocean_post_subheading":"","ocean_post_title_style":"","ocean_post_title_background_color":"","ocean_post_title_background":0,"ocean_post_title_bg_image_position":"","ocean_post_title_bg_image_attachment":"","ocean_post_title_bg_image_repeat":"","ocean_post_title_bg_image_size":"","ocean_post_title_height":0,"ocean_post_title_bg_overlay":0.5,"ocean_post_title_bg_overlay_color":"","ocean_disable_breadcrumbs":"default","ocean_breadcrumbs_color":"","ocean_breadcrumbs_separator_color":"","ocean_breadcrumbs_links_color":"","ocean_breadcrumbs_links_hover_color":"","ocean_display_footer_widgets":"default","ocean_display_footer_bottom":"default","ocean_custom_footer_template":"0","footnotes":""},"class_list":["post-114","page","type-page","status-publish","hentry","entry"],"_links":{"self":[{"href":"https:\/\/freimaurerloge-rothenburg.de\/index.php?rest_route=\/wp\/v2\/pages\/114","targetHints":{"allow":["GET"]}}],"collection":[{"href":"https:\/\/freimaurerloge-rothenburg.de\/index.php?rest_route=\/wp\/v2\/pages"}],"about":[{"href":"https:\/\/freimaurerloge-rothenburg.de\/index.php?rest_route=\/wp\/v2\/types\/page"}],"author":[{"embeddable":true,"href":"https:\/\/freimaurerloge-rothenburg.de\/index.php?rest_route=\/wp\/v2\/users\/1"}],"replies":[{"embeddable":true,"href":"https:\/\/freimaurerloge-rothenburg.de\/index.php?rest_route=%2Fwp%2Fv2%2Fcomments&post=114"}],"version-history":[{"count":14,"href":"https:\/\/freimaurerloge-rothenburg.de\/index.php?rest_route=\/wp\/v2\/pages\/114\/revisions"}],"predecessor-version":[{"id":675,"href":"https:\/\/freimaurerloge-rothenburg.de\/index.php?rest_route=\/wp\/v2\/pages\/114\/revisions\/675"}],"wp:attachment":[{"href":"https:\/\/freimaurerloge-rothenburg.de\/index.php?rest_route=%2Fwp%2Fv2%2Fmedia&parent=114"}],"curies":[{"name":"wp","href":"https:\/\/api.w.org\/{rel}","templated":true}]}}