{"id":158,"date":"2019-04-19T09:22:45","date_gmt":"2019-04-19T09:22:45","guid":{"rendered":"http:\/\/freimaurerloge-rothenburg.de\/?page_id=158"},"modified":"2022-11-29T20:08:14","modified_gmt":"2022-11-29T19:08:14","slug":"ueber-uns","status":"publish","type":"page","link":"https:\/\/freimaurerloge-rothenburg.de\/?page_id=158","title":{"rendered":"\u00dcber uns"},"content":{"rendered":"\t\t<div data-elementor-type=\"wp-post\" data-elementor-id=\"158\" class=\"elementor elementor-158\">\n\t\t\t\t\t\t<section class=\"elementor-section elementor-top-section elementor-element elementor-element-a95c338 elementor-section-boxed elementor-section-height-default elementor-section-height-default\" data-id=\"a95c338\" data-element_type=\"section\" data-e-type=\"section\">\n\t\t\t\t\t\t<div class=\"elementor-container elementor-column-gap-default\">\n\t\t\t\t\t<div class=\"elementor-column elementor-col-50 elementor-top-column elementor-element elementor-element-3a4969e\" data-id=\"3a4969e\" data-element_type=\"column\" data-e-type=\"column\">\n\t\t\t<div class=\"elementor-widget-wrap elementor-element-populated\">\n\t\t\t\t\t\t<div class=\"elementor-element elementor-element-d744a5c elementor-widget elementor-widget-heading\" data-id=\"d744a5c\" data-element_type=\"widget\" data-e-type=\"widget\" data-widget_type=\"heading.default\">\n\t\t\t\t<div class=\"elementor-widget-container\">\n\t\t\t\t\t<h1 class=\"elementor-heading-title elementor-size-default\">GEGENW\u00c4RTIGES<\/h1>\t\t\t\t<\/div>\n\t\t\t\t<\/div>\n\t\t\t\t<section class=\"elementor-section elementor-inner-section elementor-element elementor-element-8661104 elementor-section-boxed elementor-section-height-default elementor-section-height-default\" data-id=\"8661104\" data-element_type=\"section\" data-e-type=\"section\">\n\t\t\t\t\t\t<div class=\"elementor-container elementor-column-gap-default\">\n\t\t\t\t\t<div class=\"elementor-column elementor-col-50 elementor-inner-column elementor-element elementor-element-62768fc\" data-id=\"62768fc\" data-element_type=\"column\" data-e-type=\"column\">\n\t\t\t<div class=\"elementor-widget-wrap elementor-element-populated\">\n\t\t\t\t\t\t<div class=\"elementor-element elementor-element-c1728ba elementor-widget elementor-widget-image\" data-id=\"c1728ba\" data-element_type=\"widget\" data-e-type=\"widget\" data-widget_type=\"image.default\">\n\t\t\t\t<div class=\"elementor-widget-container\">\n\t\t\t\t\t\t\t\t\t\t\t\t\t\t\t<img decoding=\"async\" width=\"200\" height=\"194\" src=\"https:\/\/freimaurerloge-rothenburg.de\/wp-content\/uploads\/2019\/04\/bijou_neu_web-dcad4002.jpg\" class=\"attachment-large size-large wp-image-251\" alt=\"\" \/>\t\t\t\t\t\t\t\t\t\t\t\t\t\t\t<\/div>\n\t\t\t\t<\/div>\n\t\t\t\t\t<\/div>\n\t\t<\/div>\n\t\t\t\t<div class=\"elementor-column elementor-col-50 elementor-inner-column elementor-element elementor-element-fad8c74\" data-id=\"fad8c74\" data-element_type=\"column\" data-e-type=\"column\">\n\t\t\t<div class=\"elementor-widget-wrap elementor-element-populated\">\n\t\t\t\t\t\t<div class=\"elementor-element elementor-element-a87e580 elementor-widget elementor-widget-text-editor\" data-id=\"a87e580\" data-element_type=\"widget\" data-e-type=\"widget\" data-widget_type=\"text-editor.default\">\n\t\t\t\t<div class=\"elementor-widget-container\">\n\t\t\t\t\t\t\t\t\t<p>Wir sind, wie schon eingangs erw\u00e4hnt, eine sog. Fl\u00e4chenloge, deren Mitglieder \u00fcber viele Kilometer verstreut in zwei Bundesl\u00e4ndern leben. Im Gegensatz zu gro\u00dfst\u00e4dtischen Logen mit ihren Logenh\u00e4usern ist es bei uns nicht m\u00f6glich, einfach mit \u00f6ffentlichen Verkehrsmitteln zu den Terminen zu kommen.\u00a0<\/p>\t\t\t\t\t\t\t\t<\/div>\n\t\t\t\t<\/div>\n\t\t\t\t\t<\/div>\n\t\t<\/div>\n\t\t\t\t\t<\/div>\n\t\t<\/section>\n\t\t\t\t<div class=\"elementor-element elementor-element-bf36bca elementor-widget elementor-widget-text-editor\" data-id=\"bf36bca\" data-element_type=\"widget\" data-e-type=\"widget\" data-widget_type=\"text-editor.default\">\n\t\t\t\t<div class=\"elementor-widget-container\">\n\t\t\t\t\t\t\t\t\t<p>Gerade im Winter ist es oft nicht einfach, zu den Veranstaltungen zu kommen. Aus diesem Grund arbeiten wir im Gegensatz zu den meisten Logen nicht w\u00f6chentlich, sondern im Durchschnitt zweimal, manchmal auch dreimal im Monat.<\/p><p>Seit September 2015 ist das geistig-rituelle Zentrum unserer Loge der Festsaal von Schloss Schillingsf\u00fcrst. F\u00fcr uns ist es eine besondere Freude und Ehre, in diesem historischen Gem\u00e4uer arbeiten und wirken zu d\u00fcrfen.<\/p><p>Derzeit hat unsere Loge ca. 50 Mitglieder aus den unterschiedlichsten Berufsgruppen. Gerade die Vielfalt ihrer Mitglieder macht die Freimaurerei so attraktiv. Br\u00fcder anderer Logen, die uns besuchen m\u00f6chten, k\u00f6nnen gerne unseren Arbeitskalender anfordern. Interessierte Nicht-Freimaurer m\u00f6gen bitte das Formular dieser Internetseiten verwenden, um Kontakt aufzunehmen.<\/p>\t\t\t\t\t\t\t\t<\/div>\n\t\t\t\t<\/div>\n\t\t\t\t\t<\/div>\n\t\t<\/div>\n\t\t\t\t<div class=\"elementor-column elementor-col-50 elementor-top-column elementor-element elementor-element-cd6a9c3\" data-id=\"cd6a9c3\" data-element_type=\"column\" data-e-type=\"column\">\n\t\t\t<div class=\"elementor-widget-wrap elementor-element-populated\">\n\t\t\t\t\t\t<div class=\"elementor-element elementor-element-52318fb elementor-widget elementor-widget-heading\" data-id=\"52318fb\" data-element_type=\"widget\" data-e-type=\"widget\" data-widget_type=\"heading.default\">\n\t\t\t\t<div class=\"elementor-widget-container\">\n\t\t\t\t\t<h1 class=\"elementor-heading-title elementor-size-default\">Schloss Schillingsf\u00fcrst<\/h1>\t\t\t\t<\/div>\n\t\t\t\t<\/div>\n\t\t\t\t<div class=\"elementor-element elementor-element-5f23317 elementor-widget elementor-widget-image\" data-id=\"5f23317\" data-element_type=\"widget\" data-e-type=\"widget\" data-widget_type=\"image.default\">\n\t\t\t\t<div class=\"elementor-widget-container\">\n\t\t\t\t\t\t\t\t\t\t\t\t\t\t\t<img fetchpriority=\"high\" decoding=\"async\" width=\"458\" height=\"309\" src=\"https:\/\/freimaurerloge-rothenburg.de\/wp-content\/uploads\/2019\/04\/Schillingsfuerst.jpg\" class=\"attachment-large size-large wp-image-161\" alt=\"\" srcset=\"https:\/\/freimaurerloge-rothenburg.de\/wp-content\/uploads\/2019\/04\/Schillingsfuerst.jpg 458w, https:\/\/freimaurerloge-rothenburg.de\/wp-content\/uploads\/2019\/04\/Schillingsfuerst-300x202.jpg 300w\" sizes=\"(max-width: 458px) 100vw, 458px\" \/>\t\t\t\t\t\t\t\t\t\t\t\t\t\t\t<\/div>\n\t\t\t\t<\/div>\n\t\t\t\t<div class=\"elementor-element elementor-element-f36e034 elementor-widget elementor-widget-text-editor\" data-id=\"f36e034\" data-element_type=\"widget\" data-e-type=\"widget\" data-widget_type=\"text-editor.default\">\n\t\t\t\t<div class=\"elementor-widget-container\">\n\t\t\t\t\t\t\t\t\t<p>Die freimaurerischen Arbeiten und besondere kulturelle Veranstaltungen unserer Loge finden in Schloss Schillingsf\u00fcrst statt. Das Schloss liegt auf dem h\u00f6chsten Punkt der Frankenh\u00f6he, der bereits um das Jahr 1000 eine Burg trug. Seit dem 13. Jahrhundert ist Schillingsf\u00fcrst im Besitz des Hauses Hohenlohe. Das heutige Schloss wurde im Jahr 1753 errichtet. Wir freuen uns, dass unsere Loge hier ab September 2015 eine Heimat gefunden hat.<\/p><p><strong>Besuchende Br\u00fcder<\/strong> bitten wir um vorherige Anmeldung. Danke!<\/p><p>\u00a0<\/p>\t\t\t\t\t\t\t\t<\/div>\n\t\t\t\t<\/div>\n\t\t\t\t\t<\/div>\n\t\t<\/div>\n\t\t\t\t\t<\/div>\n\t\t<\/section>\n\t\t\t\t<section class=\"elementor-section elementor-top-section elementor-element elementor-element-6e910f6 elementor-section-boxed elementor-section-height-default elementor-section-height-default\" data-id=\"6e910f6\" data-element_type=\"section\" data-e-type=\"section\">\n\t\t\t\t\t\t<div class=\"elementor-container elementor-column-gap-default\">\n\t\t\t\t\t<div class=\"elementor-column elementor-col-50 elementor-top-column elementor-element elementor-element-631f7e6\" data-id=\"631f7e6\" data-element_type=\"column\" data-e-type=\"column\">\n\t\t\t<div class=\"elementor-widget-wrap elementor-element-populated\">\n\t\t\t\t\t\t<div class=\"elementor-element elementor-element-b169218 elementor-widget elementor-widget-heading\" data-id=\"b169218\" data-element_type=\"widget\" data-e-type=\"widget\" data-widget_type=\"heading.default\">\n\t\t\t\t<div class=\"elementor-widget-container\">\n\t\t\t\t\t<h1 class=\"elementor-heading-title elementor-size-default\">GESCHICHTLICHES<\/h1>\t\t\t\t<\/div>\n\t\t\t\t<\/div>\n\t\t\t\t<section class=\"elementor-section elementor-inner-section elementor-element elementor-element-e04bd47 elementor-section-boxed elementor-section-height-default elementor-section-height-default\" data-id=\"e04bd47\" data-element_type=\"section\" data-e-type=\"section\">\n\t\t\t\t\t\t<div class=\"elementor-container elementor-column-gap-default\">\n\t\t\t\t\t<div class=\"elementor-column elementor-col-50 elementor-inner-column elementor-element elementor-element-18a7f4a\" data-id=\"18a7f4a\" data-element_type=\"column\" data-e-type=\"column\">\n\t\t\t<div class=\"elementor-widget-wrap elementor-element-populated\">\n\t\t\t\t\t\t<div class=\"elementor-element elementor-element-4fbdaba elementor-widget elementor-widget-image\" data-id=\"4fbdaba\" data-element_type=\"widget\" data-e-type=\"widget\" data-widget_type=\"image.default\">\n\t\t\t\t<div class=\"elementor-widget-container\">\n\t\t\t\t\t\t\t\t\t\t\t\t\t\t\t<img decoding=\"async\" width=\"150\" height=\"203\" src=\"https:\/\/freimaurerloge-rothenburg.de\/wp-content\/uploads\/2019\/04\/Geschichtliches.jpg\" class=\"attachment-large size-large wp-image-163\" alt=\"\" \/>\t\t\t\t\t\t\t\t\t\t\t\t\t\t\t<\/div>\n\t\t\t\t<\/div>\n\t\t\t\t\t<\/div>\n\t\t<\/div>\n\t\t\t\t<div class=\"elementor-column elementor-col-50 elementor-inner-column elementor-element elementor-element-7c742cd\" data-id=\"7c742cd\" data-element_type=\"column\" data-e-type=\"column\">\n\t\t\t<div class=\"elementor-widget-wrap elementor-element-populated\">\n\t\t\t\t\t\t<div class=\"elementor-element elementor-element-584bda6 elementor-widget elementor-widget-text-editor\" data-id=\"584bda6\" data-element_type=\"widget\" data-e-type=\"widget\" data-widget_type=\"text-editor.default\">\n\t\t\t\t<div class=\"elementor-widget-container\">\n\t\t\t\t\t\t\t\t\t<p>F\u00fcr Freimaurer-Verh\u00e4ltnisse sind wir eine relativ junge Loge: Unsere Matrikelnummer 790 im Gesamtverzeichnis der deutschen Logen seit 1737 befindet sich im letzten Viertel der inzwischen \u00fcber 1000 verzeichneten Bauh\u00fctten.<\/p><p>Gegr\u00fcndet wurde die Loge \u201eZu den 3 T\u00fcrmen\u201c in Rothenburg o. d. Tauber von Br\u00fcdern, die bereits vor dem 3. Reich und seinem Logenverbot Freimaurer waren. 1947 taten sich Br\u00fcder zwecks Gr\u00fcndung einer Loge zusammen. 1948 wurde die Loge dann als Gesellschaft b\u00fcrgerlichen Rechts gegr\u00fcndet. Die feierliche Lichteinbringung fand am 27. M\u00e4rz 1949 statt. Heute ist sie ein eingetragener Verein.\u00a0<\/p>\t\t\t\t\t\t\t\t<\/div>\n\t\t\t\t<\/div>\n\t\t\t\t\t<\/div>\n\t\t<\/div>\n\t\t\t\t\t<\/div>\n\t\t<\/section>\n\t\t\t\t<div class=\"elementor-element elementor-element-1a43055 elementor-widget elementor-widget-text-editor\" data-id=\"1a43055\" data-element_type=\"widget\" data-e-type=\"widget\" data-widget_type=\"text-editor.default\">\n\t\t\t\t<div class=\"elementor-widget-container\">\n\t\t\t\t\t\t\t\t\t<p>Man wollte schnellstm\u00f6glich nach der \u201eDunklen Zeit\u201c wieder das Licht entz\u00fcnden und erhielt auch erstaunlich rasch von den amerikanischen Besatzungsbeh\u00f6rden die Erlaubnis zur Logengr\u00fcndung. In den folgenden Jahren bildeten dann die beiden St\u00e4dte Rothenburg und Dinkelsb\u00fchl das Doppelzentrum der Freimaurerei im westlichen Mittelfranken.<\/p>\t\t\t\t\t\t\t\t<\/div>\n\t\t\t\t<\/div>\n\t\t\t\t\t<\/div>\n\t\t<\/div>\n\t\t\t\t<div class=\"elementor-column elementor-col-50 elementor-top-column elementor-element elementor-element-a3a3b0a\" data-id=\"a3a3b0a\" data-element_type=\"column\" data-e-type=\"column\">\n\t\t\t<div class=\"elementor-widget-wrap elementor-element-populated\">\n\t\t\t\t\t\t<div class=\"elementor-element elementor-element-2e50b63 elementor-widget elementor-widget-heading\" data-id=\"2e50b63\" data-element_type=\"widget\" data-e-type=\"widget\" data-widget_type=\"heading.default\">\n\t\t\t\t<div class=\"elementor-widget-container\">\n\t\t\t\t\t<h1 class=\"elementor-heading-title elementor-size-default\">SCH\u00c4FERSAAL IN ROTHENBURG<\/h1>\t\t\t\t<\/div>\n\t\t\t\t<\/div>\n\t\t\t\t<div class=\"elementor-element elementor-element-a29c6c4 elementor-widget elementor-widget-image\" data-id=\"a29c6c4\" data-element_type=\"widget\" data-e-type=\"widget\" data-widget_type=\"image.default\">\n\t\t\t\t<div class=\"elementor-widget-container\">\n\t\t\t\t\t\t\t\t\t\t\t\t\t\t\t<img loading=\"lazy\" decoding=\"async\" width=\"458\" height=\"302\" src=\"https:\/\/freimaurerloge-rothenburg.de\/wp-content\/uploads\/2019\/04\/Schaefersaal.jpg\" class=\"attachment-large size-large wp-image-167\" alt=\"\" srcset=\"https:\/\/freimaurerloge-rothenburg.de\/wp-content\/uploads\/2019\/04\/Schaefersaal.jpg 458w, https:\/\/freimaurerloge-rothenburg.de\/wp-content\/uploads\/2019\/04\/Schaefersaal-300x198.jpg 300w\" sizes=\"(max-width: 458px) 100vw, 458px\" \/>\t\t\t\t\t\t\t\t\t\t\t\t\t\t\t<\/div>\n\t\t\t\t<\/div>\n\t\t\t\t<div class=\"elementor-element elementor-element-6e0fb62 elementor-widget elementor-widget-text-editor\" data-id=\"6e0fb62\" data-element_type=\"widget\" data-e-type=\"widget\" data-widget_type=\"text-editor.default\">\n\t\t\t\t<div class=\"elementor-widget-container\">\n\t\t\t\t\t\t\t\t\tDas Rothenburger Spital wurde schon vor 1300 gestiftet, um in der schnell wachsenden Stadt die Kranken- und Altenversorgung zu bew\u00e4ltigen. Zahlreiche fromme Stiftungen von Patriziern und Adligen lie\u00dfen die Liegenschaft auch zu einem wirtschaftlichen Gro\u00dfbetrieb heranwachsen \u2013 die zahlreichen Geb\u00e4ude sowie die gotische Kirche geben eindrucksvolles Zeugnis. Der Sch\u00e4fersaal, benannt nach einem fr\u00fcheren Spitalleiter namens Sch\u00e4fer, befindet sich im 1574 &#8211; 1578 errichteten &#8222;Neuen Spital&#8220; und geh\u00f6rt zu den wenigen Renaissancebauten der fr\u00fcheren Reichstadt Rothenburg ob der Tauber. Hier wurde unsere Loge 1948 gegr\u00fcndet und hat hier bis 1967 gearbeitet. Danach fanden die rituellen Arbeiten mehr als 40 Jahre im Logenhaus Ansbach statt. Von Anfang 2011 bis 2015 konnten wir in den Sch\u00e4fersaal zur\u00fcckkehren. Durch den Umbau des Spitalgeb\u00e4udes in ein Sch\u00fclerwohnheim war f\u00fcr uns eine weitere Nutzung des traditionsreichen Saales leider nicht mehr m\u00f6glich.\n\n\t\t\t\t\t\t\t\t<\/div>\n\t\t\t\t<\/div>\n\t\t\t\t\t<\/div>\n\t\t<\/div>\n\t\t\t\t\t<\/div>\n\t\t<\/section>\n\t\t\t\t<\/div>\n\t\t","protected":false},"excerpt":{"rendered":"<p>GEGENW\u00c4RTIGES Wir sind, wie schon eingangs erw\u00e4hnt, eine sog. Fl\u00e4chenloge, deren Mitglieder \u00fcber viele Kilometer verstreut in zwei Bundesl\u00e4ndern leben. Im Gegensatz zu gro\u00dfst\u00e4dtischen Logen mit ihren Logenh\u00e4usern ist es bei uns nicht m\u00f6glich, einfach mit \u00f6ffentlichen Verkehrsmitteln zu den Terminen zu kommen.\u00a0 Gerade im Winter ist es oft nicht einfach, zu den Veranstaltungen zu [&hellip;]<\/p>\n","protected":false},"author":1,"featured_media":0,"parent":0,"menu_order":0,"comment_status":"closed","ping_status":"closed","template":"","meta":{"ocean_post_layout":"","ocean_both_sidebars_style":"","ocean_both_sidebars_content_width":0,"ocean_both_sidebars_sidebars_width":0,"ocean_sidebar":"0","ocean_second_sidebar":"0","ocean_disable_margins":"enable","ocean_add_body_class":"","ocean_shortcode_before_top_bar":"","ocean_shortcode_after_top_bar":"","ocean_shortcode_before_header":"","ocean_shortcode_after_header":"","ocean_has_shortcode":"","ocean_shortcode_after_title":"","ocean_shortcode_before_footer_widgets":"","ocean_shortcode_after_footer_widgets":"","ocean_shortcode_before_footer_bottom":"","ocean_shortcode_after_footer_bottom":"","ocean_display_top_bar":"default","ocean_display_header":"default","ocean_header_style":"","ocean_center_header_left_menu":"0","ocean_custom_header_template":"0","ocean_custom_logo":0,"ocean_custom_retina_logo":0,"ocean_custom_logo_max_width":0,"ocean_custom_logo_tablet_max_width":0,"ocean_custom_logo_mobile_max_width":0,"ocean_custom_logo_max_height":0,"ocean_custom_logo_tablet_max_height":0,"ocean_custom_logo_mobile_max_height":0,"ocean_header_custom_menu":"0","ocean_menu_typo_font_family":"0","ocean_menu_typo_font_subset":"","ocean_menu_typo_font_size":0,"ocean_menu_typo_font_size_tablet":0,"ocean_menu_typo_font_size_mobile":0,"ocean_menu_typo_font_size_unit":"px","ocean_menu_typo_font_weight":"","ocean_menu_typo_font_weight_tablet":"","ocean_menu_typo_font_weight_mobile":"","ocean_menu_typo_transform":"","ocean_menu_typo_transform_tablet":"","ocean_menu_typo_transform_mobile":"","ocean_menu_typo_line_height":0,"ocean_menu_typo_line_height_tablet":0,"ocean_menu_typo_line_height_mobile":0,"ocean_menu_typo_line_height_unit":"","ocean_menu_typo_spacing":0,"ocean_menu_typo_spacing_tablet":0,"ocean_menu_typo_spacing_mobile":0,"ocean_menu_typo_spacing_unit":"","ocean_menu_link_color":"","ocean_menu_link_color_hover":"","ocean_menu_link_color_active":"","ocean_menu_link_background":"","ocean_menu_link_hover_background":"","ocean_menu_link_active_background":"","ocean_menu_social_links_bg":"","ocean_menu_social_hover_links_bg":"","ocean_menu_social_links_color":"","ocean_menu_social_hover_links_color":"","ocean_disable_title":"default","ocean_disable_heading":"default","ocean_post_title":"","ocean_post_subheading":"","ocean_post_title_style":"","ocean_post_title_background_color":"","ocean_post_title_background":0,"ocean_post_title_bg_image_position":"","ocean_post_title_bg_image_attachment":"","ocean_post_title_bg_image_repeat":"","ocean_post_title_bg_image_size":"","ocean_post_title_height":0,"ocean_post_title_bg_overlay":0.5,"ocean_post_title_bg_overlay_color":"","ocean_disable_breadcrumbs":"default","ocean_breadcrumbs_color":"","ocean_breadcrumbs_separator_color":"","ocean_breadcrumbs_links_color":"","ocean_breadcrumbs_links_hover_color":"","ocean_display_footer_widgets":"default","ocean_display_footer_bottom":"default","ocean_custom_footer_template":"0","footnotes":""},"class_list":["post-158","page","type-page","status-publish","hentry","entry"],"_links":{"self":[{"href":"https:\/\/freimaurerloge-rothenburg.de\/index.php?rest_route=\/wp\/v2\/pages\/158","targetHints":{"allow":["GET"]}}],"collection":[{"href":"https:\/\/freimaurerloge-rothenburg.de\/index.php?rest_route=\/wp\/v2\/pages"}],"about":[{"href":"https:\/\/freimaurerloge-rothenburg.de\/index.php?rest_route=\/wp\/v2\/types\/page"}],"author":[{"embeddable":true,"href":"https:\/\/freimaurerloge-rothenburg.de\/index.php?rest_route=\/wp\/v2\/users\/1"}],"replies":[{"embeddable":true,"href":"https:\/\/freimaurerloge-rothenburg.de\/index.php?rest_route=%2Fwp%2Fv2%2Fcomments&post=158"}],"version-history":[{"count":38,"href":"https:\/\/freimaurerloge-rothenburg.de\/index.php?rest_route=\/wp\/v2\/pages\/158\/revisions"}],"predecessor-version":[{"id":523,"href":"https:\/\/freimaurerloge-rothenburg.de\/index.php?rest_route=\/wp\/v2\/pages\/158\/revisions\/523"}],"wp:attachment":[{"href":"https:\/\/freimaurerloge-rothenburg.de\/index.php?rest_route=%2Fwp%2Fv2%2Fmedia&parent=158"}],"curies":[{"name":"wp","href":"https:\/\/api.w.org\/{rel}","templated":true}]}}